{"id":23,"date":"2019-03-07T20:33:44","date_gmt":"2019-03-07T19:33:44","guid":{"rendered":"https:\/\/grow.ungaalborg.dk\/?page_id=23"},"modified":"2021-06-15T15:15:26","modified_gmt":"2021-06-15T13:15:26","slug":"jeg-er-ordblind","status":"publish","type":"page","link":"https:\/\/grow.ungaalborg.dk\/index.php\/jeg-er-ordblind\/","title":{"rendered":"Jeg er ordblind"},"content":{"rendered":"<p>[vc_row][vc_column width=&#8221;1\/6&#8243;][\/vc_column][vc_column column_width_percent=&#8221;100&#8243; position_horizontal=&#8221;left&#8221; gutter_size=&#8221;3&#8243; overlay_alpha=&#8221;50&#8243; shift_x=&#8221;0&#8243; shift_y=&#8221;0&#8243; shift_y_down=&#8221;0&#8243; z_index=&#8221;0&#8243; medium_width=&#8221;0&#8243; mobile_width=&#8221;0&#8243; width=&#8221;4\/6&#8243;][vc_empty_space empty_h=&#8221;2&#8243;][vc_custom_heading heading_semantic=&#8221;h1&#8243; text_size=&#8221;h1&#8243; text_transform=&#8221;uppercase&#8221; text_space=&#8221;fontspace-140297&#8243; text_italic=&#8221;yes&#8221;]Jeg er ordblind[\/vc_custom_heading][vc_column_text]Det at v\u00e6re ung og ordblind kan indimellem v\u00e6re en udfordring. Det er vigtigt at forst\u00e5, at ordblindhed er noget som ikke bare forsvinder. P\u00e5 denne side vil du kunne finde forskellige videoer, som omhandler ordblindhed. Du kan blandt andet h\u00f8re mere om det at v\u00e6re \u201coffer og akt\u00f8r\u201d og hvordan hjernen fungerer p\u00e5 en person med ordblindhed.[\/vc_column_text][\/vc_column][vc_column width=&#8221;1\/6&#8243;][\/vc_column][\/vc_row][vc_row row_height_percent=&#8221;0&#8243; back_color=&#8221;color-xsdn&#8221; overlay_alpha=&#8221;0&#8243; gutter_size=&#8221;3&#8243; column_width_percent=&#8221;100&#8243; shift_y=&#8221;0&#8243; z_index=&#8221;0&#8243;][vc_column width=&#8221;1\/1&#8243;][vc_empty_space empty_h=&#8221;2&#8243;][vc_single_image media=&#8221;108&#8243; media_width_percent=&#8221;100&#8243;][vc_empty_space empty_h=&#8221;2&#8243;][vc_gallery el_id=&#8221;gallery-149425&#8243; type=&#8221;justified&#8221; random=&#8221;yes&#8221; medias=&#8221;336,358,383,384,385,386,505,507,512,581,582&#8243; justify_row_height=&#8221;250&#8243; gutter_size=&#8221;3&#8243; single_overlay_opacity=&#8221;50&#8243; single_padding=&#8221;2&#8243; title=&#8221;Subreader&#8221;][vc_empty_space empty_h=&#8221;2&#8243;][\/vc_column][\/vc_row][vc_row row_height_percent=&#8221;0&#8243; back_color=&#8221;color-lxmt&#8221; overlay_alpha=&#8221;50&#8243; gutter_size=&#8221;3&#8243; column_width_percent=&#8221;100&#8243; shift_y=&#8221;0&#8243; z_index=&#8221;0&#8243;][vc_column width=&#8221;1\/1&#8243;][vc_column_text]<\/p>\n<h3 style=\"text-align: center;\">NYTTIGE LINKS &amp; MEDIER<\/h3>\n<p>[\/vc_column_text][vc_accordion active_tab=&#8221;0&#8243;][vc_accordion_tab icon=&#8221;fa fa-podcast&#8221; gutter_size=&#8221;2&#8243; column_padding=&#8221;2&#8243; title=&#8221;Podcast&#8221; tab_id=&#8221;1620033686-1-40&#8243;][vc_column_text]Ordblindeforeningen har f\u00e5et produceret en podcastserie til for\u00e6ldre med ordblinde b\u00f8rn i folkeskolen. Podcast serien svarer p\u00e5 de typiske sp\u00f8rgsm\u00e5l, som foreningen h\u00f8rer fra for\u00e6ldre. Det er sp\u00f8rgsm\u00e5l om alt lige fra ordblindetesten til ekstraundervisning.<\/p>\n<p><strong><a href=\"https:\/\/www.ordblindeforeningen.dk\/lyt-til-ordblindeforeningens-podcast-mit-barn-er-ordblind\/?fbclid=IwAR3G5hR6CR-iz2fL6lq2ZT9Dgsujs7dQzuYdclOUtbq0IUONW0rP5lgiP_Y\" target=\"_blank\" rel=\"noopener noreferrer\">Lyt til ordblindeforeningens podcast &#8211; Mit barn er ordblind<\/a><\/strong><\/p>\n<p>&nbsp;<\/p>\n<p>[\/vc_column_text][vc_column_text]I samarbejde med journalist, Niels Svanborg, har Wizkids skabt podcastserien \u201cDysleksivenlig skole\u201d. I hvert program er der nye g\u00e6ster, der, sammen med Line Leth J\u00f8rgensen og Niels Svanborg, dykker ned i forskellige dysleksivenlige emner.<\/p>\n<p><strong><a href=\"https:\/\/www.dysleksivenligskole.dk\/podcast\/\" target=\"_blank\" rel=\"noopener noreferrer\">Dysleksivenlig Skole<\/a><\/strong><\/p>\n<p>&nbsp;<\/p>\n<p>[\/vc_column_text][vc_column_text]Tabu p\u00e5 P3. Chris Bjerkn\u00e6s, digital konsulent i Dansk Folkeparti og tidligere formand i Dansk Folkepartis Ungdom, fort\u00e6ller om livet som ordblind i politik, og hvordan det stadig p\u00e5virker ham, n\u00e5r folk p\u00e5peger hans stavefejl<\/p>\n<p><strong><a href=\"https:\/\/www.dr.dk\/radio\/p3\/tabu-pa-p3\/tabu-podcast-91?fbclid=iwar34sdl-i5dszzxfueculc2igqvj3u_bruiuaeaxmxu1kxxwo8oqkrqmaey\" target=\"_blank\" rel=\"noopener noreferrer\">Ordblindhed: hniakdap elelr brae dvnokesab?<\/a><\/strong><\/p>\n<p>&nbsp;<\/p>\n<p>[\/vc_column_text][\/vc_accordion_tab][vc_accordion_tab icon=&#8221;fa fa-chain&#8221; gutter_size=&#8221;2&#8243; column_padding=&#8221;2&#8243; title=&#8221;Links&#8221; tab_id=&#8221;1620033686-2-71&#8243;][vc_column_text]For\u00e6ldrer\u00e5dgivningen For\u00e6ldrer\u00e5dgivningen r\u00e5dgiver pr. telefon eller mail og indeholder ogs\u00e5 en videnbank med masser af artikler om forskellige problemstillinger.<\/p>\n<p><a href=\"https:\/\/www.foraeldreraadgivningen.dk\/\">https:\/\/www.foraeldreraadgivningen.dk\/<\/a>[\/vc_column_text][vc_column_text]Jeg er ordblind er en podcast, der omhandler ordblindhed. Holdet bag podcasten er ordblinde.<\/p>\n<p><a href=\"http:\/\/jegerordblind.dk\/\">http:\/\/jegerordblind.dk\/<\/a>[\/vc_column_text][\/vc_accordion_tab][\/vc_accordion][\/vc_column][\/vc_row]<\/p>\n","protected":false},"excerpt":{"rendered":"<p>[vc_row][vc_column width=&#8221;1\/6&#8243;][\/vc_column][vc_column column_width_percent=&#8221;100&#8243; position_horizontal=&#8221;left&#8221; gutter_size=&#8221;3&#8243; overlay_alpha=&#8221;50&#8243; shift_x=&#8221;0&#8243; shift_y=&#8221;0&#8243; shift_y_down=&#8221;0&#8243; z_index=&#8221;0&#8243; medium_width=&#8221;0&#8243; mobile_width=&#8221;0&#8243; width=&#8221;4\/6&#8243;][vc_empty_space empty_h=&#8221;2&#8243;][vc_custom_heading heading_semantic=&#8221;h1&#8243; text_size=&#8221;h1&#8243; text_transform=&#8221;uppercase&#8221; text_space=&#8221;fontspace-140297&#8243; text_italic=&#8221;yes&#8221;]Jeg er [&hellip;]<\/p>\n","protected":false},"author":2,"featured_media":0,"parent":0,"menu_order":0,"comment_status":"closed","ping_status":"closed","template":"","meta":{"footnotes":""},"class_list":["post-23","page","type-page","status-publish","hentry"],"_links":{"self":[{"href":"https:\/\/grow.ungaalborg.dk\/index.php\/wp-json\/wp\/v2\/pages\/23","targetHints":{"allow":["GET"]}}],"collection":[{"href":"https:\/\/grow.ungaalborg.dk\/index.php\/wp-json\/wp\/v2\/pages"}],"about":[{"href":"https:\/\/grow.ungaalborg.dk\/index.php\/wp-json\/wp\/v2\/types\/page"}],"author":[{"embeddable":true,"href":"https:\/\/grow.ungaalborg.dk\/index.php\/wp-json\/wp\/v2\/users\/2"}],"replies":[{"embeddable":true,"href":"https:\/\/grow.ungaalborg.dk\/index.php\/wp-json\/wp\/v2\/comments?post=23"}],"version-history":[{"count":28,"href":"https:\/\/grow.ungaalborg.dk\/index.php\/wp-json\/wp\/v2\/pages\/23\/revisions"}],"predecessor-version":[{"id":591,"href":"https:\/\/grow.ungaalborg.dk\/index.php\/wp-json\/wp\/v2\/pages\/23\/revisions\/591"}],"wp:attachment":[{"href":"https:\/\/grow.ungaalborg.dk\/index.php\/wp-json\/wp\/v2\/media?parent=23"}],"curies":[{"name":"wp","href":"https:\/\/api.w.org\/{rel}","templated":true}]}}